{"id":938,"date":"2018-11-13T11:26:32","date_gmt":"2018-11-13T11:26:32","guid":{"rendered":"http:\/\/lespetitspois.ch\/isabelle-john\/"},"modified":"2022-10-05T21:43:33","modified_gmt":"2022-10-05T20:43:33","slug":"petits-pois-team","status":"publish","type":"page","link":"https:\/\/dev.lespetitspois.ch\/en\/petits-pois-team\/","title":{"rendered":"Petits Pois team"},"content":{"rendered":"<div class=\"wpb-content-wrapper\"><p>[vc_row css_animation=&#8221;&#8221; row_type=&#8221;row&#8221; use_row_as_full_screen_section=&#8221;no&#8221; type=&#8221;full_width&#8221; angled_section=&#8221;no&#8221; text_align=&#8221;left&#8221; background_image_as_pattern=&#8221;without_pattern&#8221;][vc_column width=&#8221;2\/3&#8243; css=&#8221;.vc_custom_1543168280189{margin-bottom: 20px !important;}&#8221;][vc_column_text]<\/p>\n<h2>Les Petits Pois, is\u2026<\/h2>\n<p>&nbsp;<\/p>\n<p>Me, I am a mom to two young kids and step-mom to two grown kids. As a mom, I am an activities director, a care-giver, a chef, a therapist, a confidant, a story-teller\u2026and much much more. As a woman, I am compassionate, kind, outgoing, sympathetic, creative, hardworking\u2026and much much more. But in my core, I am always true to myself. This is why after my studies at the \u00c9cole H\u00f4teli\u00e8re de Lausanne and a career as project manager in a large international company, I decided to listen to myself. A baby massage training confirmed my intuition. In 2017, I started my second career by learning pre and postnatal massages, positive parenting and baby planning. Since then, I\u2019ve undertook and graduated in these fields. And with that, Les Petits Pois was born.[\/vc_column_text][\/vc_column][vc_column width=&#8221;1\/3&#8243; css=&#8221;.vc_custom_1543168313462{margin-top: 30px !important;margin-bottom: 20px !important;}&#8221;][vc_single_image image=&#8221;567&#8243; img_size=&#8221;full&#8221; alignment=&#8221;center&#8221; style=&#8221;vc_box_rounded&#8221; onclick=&#8221;link_image&#8221; qode_css_animation=&#8221;&#8221;][\/vc_column][\/vc_row][vc_row css_animation=&#8221;&#8221; row_type=&#8221;row&#8221; use_row_as_full_screen_section=&#8221;no&#8221; type=&#8221;full_width&#8221; angled_section=&#8221;no&#8221; text_align=&#8221;left&#8221; background_image_as_pattern=&#8221;without_pattern&#8221; css=&#8221;.vc_custom_1546986913276{padding-top: 50px !important;padding-bottom: 30px !important;}&#8221; z_index=&#8221;&#8221; el_class=&#8221;timeline&#8221;][vc_column width=&#8221;1\/4&#8243;][vc_column_text]<\/p>\n<h4 style=\"text-align: center;\">2020<\/h4>\n<p style=\"text-align: center;\">Doula Postnatal<\/p>\n<p>[\/vc_column_text][vc_empty_space][\/vc_column][vc_column width=&#8221;1\/4&#8243;][vc_column_text]<\/p>\n<h4 style=\"text-align: center;\">2018<\/h4>\n<p style=\"text-align: center;\">Instructrice Parcours d\u2019\u00e9ducation positive et scientifique \u2013 ScholaVie, France<\/p>\n<p>&nbsp;<\/p>\n<p style=\"text-align: center;\">Baby Planer\u2009\u2013\u2009International Maternity and Parenting Institute, Etats-Unis<\/p>\n<p>[\/vc_column_text][vc_empty_space][\/vc_column][vc_column width=&#8221;1\/4&#8243;][vc_column_text]<\/p>\n<h4 style=\"text-align: center;\">2017<\/h4>\n<p style=\"text-align: center;\">Animatrice Techniques de parentalit\u00e9 positive \u2013 TePaPo, Suisse<\/p>\n<p>&nbsp;<\/p>\n<p style=\"text-align: center;\">Animatrice Parentalit\u00e9 en pleine conscience \u2013 TePaPo, Suisse<\/p>\n<p>&nbsp;<\/p>\n<p style=\"text-align: center;\">Mindfullness based stress reduction \u2013 En Pleine Conscience, Suisse<\/p>\n<p>[\/vc_column_text][vc_empty_space][\/vc_column][vc_column width=&#8221;1\/4&#8243;][vc_column_text]<\/p>\n<h4 style=\"text-align: center;\">2015<\/h4>\n<p style=\"text-align: center;\">Instructrice Massage b\u00e9b\u00e9 \u2013 International Association of Infant Massage, Suisse<\/p>\n<p>[\/vc_column_text][vc_empty_space][\/vc_column][\/vc_row][vc_row css_animation=&#8221;&#8221; row_type=&#8221;row&#8221; use_row_as_full_screen_section=&#8221;no&#8221; type=&#8221;full_width&#8221; angled_section=&#8221;no&#8221; text_align=&#8221;left&#8221; background_image_as_pattern=&#8221;without_pattern&#8221; padding_bottom=&#8221;50&#8243; z_index=&#8221;&#8221;][vc_column width=&#8221;1\/4&#8243; offset=&#8221;vc_hidden-xs&#8221;][vc_single_image image=&#8221;572&#8243; img_size=&#8221;medium&#8221; alignment=&#8221;center&#8221; style=&#8221;vc_box_rounded&#8221; qode_css_animation=&#8221;&#8221;][\/vc_column][vc_column width=&#8221;3\/4&#8243;][vc_column_text]Et \u00e7a ne s\u2019arr\u00eate pas l\u00e0! Ma soif d\u2019apprendre m\u2019am\u00e8ne aussi \u00e0 m\u2019int\u00e9resser aux neurosciences, aux derni\u00e8res d\u00e9couvertes et publications sur les accouchements physiologiques et autres connaissances li\u00e9es \u00e0 la th\u00e9matique.[\/vc_column_text][vc_empty_space height=&#8221;20px&#8221; el_class=&#8221;hide-on-mobile&#8221;][vc_single_image image=&#8221;572&#8243; img_size=&#8221;medium&#8221; alignment=&#8221;center&#8221; style=&#8221;vc_box_rounded&#8221; qode_css_animation=&#8221;&#8221; el_class=&#8221;show-on-mobile&#8221;][vc_column_text]<\/p>\n<h2>Les Petits Pois, c\u2019est donc&#8230;<\/h2>\n<p>&nbsp;<\/p>\n<p>\u2026 moi, dans toute ma bienveillance, toute mon authenticit\u00e9, toute ma franchise, toute mon amiti\u00e9 et toute ma joie\u2009! Bilingue fran\u00e7ais-anglais, je me r\u00e9jouis de vous rencontrer et de vous accompagner dans cette nouvelle \u00e9tape de vie, de vous chouchouter, de partager vos doutes, vos rires et vos petits bonheurs.[\/vc_column_text][\/vc_column][\/vc_row]<\/p>\n<\/div>","protected":false},"excerpt":{"rendered":"<p>[vc_row css_animation=&#8221;&#8221; row_type=&#8221;row&#8221; use_row_as_full_screen_section=&#8221;no&#8221; type=&#8221;full_width&#8221; angled_section=&#8221;no&#8221; text_align=&#8221;left&#8221; background_image_as_pattern=&#8221;without_pattern&#8221;][vc_column width=&#8221;2\/3&#8243; css=&#8221;.vc_custom_1543168280189{margin-bottom: 20px !important;}&#8221;][vc_column_text] Les Petits Pois, is\u2026 &nbsp; Me, I am a mom to two young kids and step-mom to two grown kids. As a mom, I am an activities director, a care-giver, a chef, a&#8230;<\/p>\n","protected":false},"author":1,"featured_media":0,"parent":0,"menu_order":0,"comment_status":"closed","ping_status":"closed","template":"","meta":{"_exactmetrics_skip_tracking":false,"_exactmetrics_sitenote_active":false,"_exactmetrics_sitenote_note":"","_exactmetrics_sitenote_category":0,"footnotes":""},"class_list":["post-938","page","type-page","status-publish","hentry"],"yoast_head":"<!-- This site is optimized with the Yoast SEO plugin v25.1 - https:\/\/yoast.com\/wordpress\/plugins\/seo\/ -->\n<title>Petits Pois team - Petits Pois<\/title>\n<meta name=\"robots\" content=\"noindex, follow, max-snippet:-1, max-image-preview:large, max-video-preview:-1\" \/>\n<meta property=\"og:locale\" content=\"en_US\" \/>\n<meta property=\"og:type\" content=\"article\" \/>\n<meta property=\"og:title\" content=\"Petits Pois team - Petits Pois\" \/>\n<meta property=\"og:description\" content=\"[vc_row css_animation=&#8221;&#8221; row_type=&#8221;row&#8221; use_row_as_full_screen_section=&#8221;no&#8221; type=&#8221;full_width&#8221; angled_section=&#8221;no&#8221; text_align=&#8221;left&#8221; background_image_as_pattern=&#8221;without_pattern&#8221;][vc_column width=&#8221;2\/3&#8243; css=&#8221;.vc_custom_1543168280189{margin-bottom: 20px !important;}&#8221;][vc_column_text] Les Petits Pois, is\u2026 &nbsp; Me, I am a mom to two young kids and step-mom to two grown kids. As a mom, I am an activities director, a care-giver, a chef, a...\" \/>\n<meta property=\"og:url\" content=\"https:\/\/dev.lespetitspois.ch\/en\/petits-pois-team\/\" \/>\n<meta property=\"og:site_name\" content=\"Petits Pois\" \/>\n<meta property=\"article:publisher\" content=\"https:\/\/www.facebook.com\/lespetitspoisch\/\" \/>\n<meta property=\"article:modified_time\" content=\"2022-10-05T20:43:33+00:00\" \/>\n<meta name=\"twitter:card\" content=\"summary_large_image\" \/>\n<meta name=\"twitter:label1\" content=\"Est. reading time\" \/>\n\t<meta name=\"twitter:data1\" content=\"3 minutes\" \/>\n<script type=\"application\/ld+json\" class=\"yoast-schema-graph\">{\"@context\":\"https:\/\/schema.org\",\"@graph\":[{\"@type\":\"WebPage\",\"@id\":\"https:\/\/dev.lespetitspois.ch\/en\/petits-pois-team\/\",\"url\":\"https:\/\/dev.lespetitspois.ch\/en\/petits-pois-team\/\",\"name\":\"Petits Pois team - Petits Pois\",\"isPartOf\":{\"@id\":\"https:\/\/dev.lespetitspois.ch\/en\/#website\"},\"datePublished\":\"2018-11-13T11:26:32+00:00\",\"dateModified\":\"2022-10-05T20:43:33+00:00\",\"breadcrumb\":{\"@id\":\"https:\/\/dev.lespetitspois.ch\/en\/petits-pois-team\/#breadcrumb\"},\"inLanguage\":\"en-US\",\"potentialAction\":[{\"@type\":\"ReadAction\",\"target\":[\"https:\/\/dev.lespetitspois.ch\/en\/petits-pois-team\/\"]}]},{\"@type\":\"BreadcrumbList\",\"@id\":\"https:\/\/dev.lespetitspois.ch\/en\/petits-pois-team\/#breadcrumb\",\"itemListElement\":[{\"@type\":\"ListItem\",\"position\":1,\"name\":\"Home\",\"item\":\"https:\/\/dev.lespetitspois.ch\/en\/\"},{\"@type\":\"ListItem\",\"position\":2,\"name\":\"Petits Pois team\"}]},{\"@type\":\"WebSite\",\"@id\":\"https:\/\/dev.lespetitspois.ch\/en\/#website\",\"url\":\"https:\/\/dev.lespetitspois.ch\/en\/\",\"name\":\"Petits Pois\",\"description\":\"Petits Pois\",\"publisher\":{\"@id\":\"https:\/\/dev.lespetitspois.ch\/en\/#organization\"},\"potentialAction\":[{\"@type\":\"SearchAction\",\"target\":{\"@type\":\"EntryPoint\",\"urlTemplate\":\"https:\/\/dev.lespetitspois.ch\/en\/?s={search_term_string}\"},\"query-input\":{\"@type\":\"PropertyValueSpecification\",\"valueRequired\":true,\"valueName\":\"search_term_string\"}}],\"inLanguage\":\"en-US\"},{\"@type\":\"Organization\",\"@id\":\"https:\/\/dev.lespetitspois.ch\/en\/#organization\",\"name\":\"Les Petits Pois\",\"url\":\"https:\/\/dev.lespetitspois.ch\/en\/\",\"logo\":{\"@type\":\"ImageObject\",\"inLanguage\":\"en-US\",\"@id\":\"https:\/\/dev.lespetitspois.ch\/en\/#\/schema\/logo\/image\/\",\"url\":\"https:\/\/dev.lespetitspois.ch\/wp-content\/uploads\/2018\/08\/logo.png\",\"contentUrl\":\"https:\/\/dev.lespetitspois.ch\/wp-content\/uploads\/2018\/08\/logo.png\",\"width\":349,\"height\":188,\"caption\":\"Les Petits Pois\"},\"image\":{\"@id\":\"https:\/\/dev.lespetitspois.ch\/en\/#\/schema\/logo\/image\/\"},\"sameAs\":[\"https:\/\/www.facebook.com\/lespetitspoisch\/\",\"https:\/\/www.instagram.com\/lespetitspois_babyplanning\/\"]}]}<\/script>\n<!-- \/ Yoast SEO plugin. -->","yoast_head_json":{"title":"Petits Pois team - Petits Pois","robots":{"index":"noindex","follow":"follow","max-snippet":"max-snippet:-1","max-image-preview":"max-image-preview:large","max-video-preview":"max-video-preview:-1"},"og_locale":"en_US","og_type":"article","og_title":"Petits Pois team - Petits Pois","og_description":"[vc_row css_animation=&#8221;&#8221; row_type=&#8221;row&#8221; use_row_as_full_screen_section=&#8221;no&#8221; type=&#8221;full_width&#8221; angled_section=&#8221;no&#8221; text_align=&#8221;left&#8221; background_image_as_pattern=&#8221;without_pattern&#8221;][vc_column width=&#8221;2\/3&#8243; css=&#8221;.vc_custom_1543168280189{margin-bottom: 20px !important;}&#8221;][vc_column_text] Les Petits Pois, is\u2026 &nbsp; Me, I am a mom to two young kids and step-mom to two grown kids. As a mom, I am an activities director, a care-giver, a chef, a...","og_url":"https:\/\/dev.lespetitspois.ch\/en\/petits-pois-team\/","og_site_name":"Petits Pois","article_publisher":"https:\/\/www.facebook.com\/lespetitspoisch\/","article_modified_time":"2022-10-05T20:43:33+00:00","twitter_card":"summary_large_image","twitter_misc":{"Est. reading time":"3 minutes"},"schema":{"@context":"https:\/\/schema.org","@graph":[{"@type":"WebPage","@id":"https:\/\/dev.lespetitspois.ch\/en\/petits-pois-team\/","url":"https:\/\/dev.lespetitspois.ch\/en\/petits-pois-team\/","name":"Petits Pois team - Petits Pois","isPartOf":{"@id":"https:\/\/dev.lespetitspois.ch\/en\/#website"},"datePublished":"2018-11-13T11:26:32+00:00","dateModified":"2022-10-05T20:43:33+00:00","breadcrumb":{"@id":"https:\/\/dev.lespetitspois.ch\/en\/petits-pois-team\/#breadcrumb"},"inLanguage":"en-US","potentialAction":[{"@type":"ReadAction","target":["https:\/\/dev.lespetitspois.ch\/en\/petits-pois-team\/"]}]},{"@type":"BreadcrumbList","@id":"https:\/\/dev.lespetitspois.ch\/en\/petits-pois-team\/#breadcrumb","itemListElement":[{"@type":"ListItem","position":1,"name":"Home","item":"https:\/\/dev.lespetitspois.ch\/en\/"},{"@type":"ListItem","position":2,"name":"Petits Pois team"}]},{"@type":"WebSite","@id":"https:\/\/dev.lespetitspois.ch\/en\/#website","url":"https:\/\/dev.lespetitspois.ch\/en\/","name":"Petits Pois","description":"Petits Pois","publisher":{"@id":"https:\/\/dev.lespetitspois.ch\/en\/#organization"},"potentialAction":[{"@type":"SearchAction","target":{"@type":"EntryPoint","urlTemplate":"https:\/\/dev.lespetitspois.ch\/en\/?s={search_term_string}"},"query-input":{"@type":"PropertyValueSpecification","valueRequired":true,"valueName":"search_term_string"}}],"inLanguage":"en-US"},{"@type":"Organization","@id":"https:\/\/dev.lespetitspois.ch\/en\/#organization","name":"Les Petits Pois","url":"https:\/\/dev.lespetitspois.ch\/en\/","logo":{"@type":"ImageObject","inLanguage":"en-US","@id":"https:\/\/dev.lespetitspois.ch\/en\/#\/schema\/logo\/image\/","url":"https:\/\/dev.lespetitspois.ch\/wp-content\/uploads\/2018\/08\/logo.png","contentUrl":"https:\/\/dev.lespetitspois.ch\/wp-content\/uploads\/2018\/08\/logo.png","width":349,"height":188,"caption":"Les Petits Pois"},"image":{"@id":"https:\/\/dev.lespetitspois.ch\/en\/#\/schema\/logo\/image\/"},"sameAs":["https:\/\/www.facebook.com\/lespetitspoisch\/","https:\/\/www.instagram.com\/lespetitspois_babyplanning\/"]}]}},"_links":{"self":[{"href":"https:\/\/dev.lespetitspois.ch\/en\/wp-json\/wp\/v2\/pages\/938","targetHints":{"allow":["GET"]}}],"collection":[{"href":"https:\/\/dev.lespetitspois.ch\/en\/wp-json\/wp\/v2\/pages"}],"about":[{"href":"https:\/\/dev.lespetitspois.ch\/en\/wp-json\/wp\/v2\/types\/page"}],"author":[{"embeddable":true,"href":"https:\/\/dev.lespetitspois.ch\/en\/wp-json\/wp\/v2\/users\/1"}],"replies":[{"embeddable":true,"href":"https:\/\/dev.lespetitspois.ch\/en\/wp-json\/wp\/v2\/comments?post=938"}],"version-history":[{"count":0,"href":"https:\/\/dev.lespetitspois.ch\/en\/wp-json\/wp\/v2\/pages\/938\/revisions"}],"wp:attachment":[{"href":"https:\/\/dev.lespetitspois.ch\/en\/wp-json\/wp\/v2\/media?parent=938"}],"curies":[{"name":"wp","href":"https:\/\/api.w.org\/{rel}","templated":true}]}}